{"id":529,"date":"2022-02-22T20:29:16","date_gmt":"2022-02-22T23:29:16","guid":{"rendered":"https:\/\/www.gruposcap.com.br\/portal\/?page_id=529"},"modified":"2022-02-22T21:46:09","modified_gmt":"2022-02-23T00:46:09","slug":"trabalhe-conosco","status":"publish","type":"page","link":"https:\/\/www.gruposcap.com.br\/portal\/trabalhe-conosco\/","title":{"rendered":"Trabalhe conosco"},"content":{"rendered":"\n<div class=\"wp-block-contact-form-7-contact-form-selector\"><div role=\"form\" class=\"wpcf7\" id=\"wpcf7-f528-o1\" lang=\"pt-BR\" dir=\"ltr\">\n<div class=\"screen-reader-response\"><p role=\"status\" aria-live=\"polite\" aria-atomic=\"true\"><\/p> <ul><\/ul><\/div>\n<form action=\"\/portal\/wp-json\/wp\/v2\/pages\/529#wpcf7-f528-o1\" method=\"post\" class=\"wpcf7-form init\" enctype=\"multipart\/form-data\" novalidate=\"novalidate\" data-status=\"init\">\n<div style=\"display: none;\">\n<input type=\"hidden\" name=\"_wpcf7\" value=\"528\" \/>\n<input type=\"hidden\" name=\"_wpcf7_version\" value=\"5.5.5\" \/>\n<input type=\"hidden\" name=\"_wpcf7_locale\" value=\"pt_BR\" \/>\n<input type=\"hidden\" name=\"_wpcf7_unit_tag\" value=\"wpcf7-f528-o1\" \/>\n<input type=\"hidden\" name=\"_wpcf7_container_post\" value=\"0\" \/>\n<input type=\"hidden\" name=\"_wpcf7_posted_data_hash\" value=\"\" \/>\n<input type=\"hidden\" name=\"_wpcf7_recaptcha_response\" value=\"\" \/>\n<\/div>\n<div class=\"row\">\n<p>Para fazer o envio do seu curr\u00edculo, basta anexar no campo abaixo em formato PDF, de at\u00e9 2MB de tamanho. Voc\u00ea precisa aceitar os termos de uso para efetuar o envio.<\/p>\n<div class=\"col-12\">\n  <span class=\"wpcf7-form-control-wrap termos\"><span class=\"wpcf7-form-control wpcf7-acceptance\"><span class=\"wpcf7-list-item\"><label><input type=\"checkbox\" name=\"termos\" value=\"1\" aria-invalid=\"false\" \/><span class=\"wpcf7-list-item-label\">Declaro que estou ciente que meu cadastro no Banco de Talentos n\u00e3o me gera nenhuma expectativa ou formaliza\u00e7\u00e3o de v\u00ednculo, e que registro a minha manifesta\u00e7\u00e3o livre, informada e inequ\u00edvoca pela qual concordo com o tratamento de meus dados pessoais  para finalidade espec\u00edfica, em conformidade com a  Lei n\u00ba 13.709 \u2013 Lei Geral de Prote\u00e7\u00e3o de Dados Pessoais (LGPD) pelo Grupo CAP. <br> Saiba mais em nossa <a href=\"https:\/\/www.gruposcap.com.br\/portal\/politica-de-privacidade\/\" target=\"_blank\">Pol\u00edtica de Privacidade<\/a><\/span><\/label><\/span><\/span><\/span><\/p>\n<\/div>\n<div class=\"col-12\">\n  <label><br \/>\nAnexar c\u00farriculo (Pdf - m\u00e1ximo 2mb)<br \/>\n<span class=\"wpcf7-form-control-wrap EnviarCurrculo\"><input type=\"file\" name=\"EnviarCurrculo\" size=\"40\" class=\"wpcf7-form-control wpcf7-file wpcf7-validates-as-required form-curriculo\" id=\"form-curriculo\" accept=\".pdf\" aria-required=\"true\" aria-invalid=\"false\" \/><\/span><br \/>\n<\/label>\n  <\/div>\n<div class=\"col-12 mt-4\" >\n      <label><input type=\"submit\" value=\"Enviar\" class=\"wpcf7-form-control has-spinner wpcf7-submit\" \/><\/label>\n  <\/div>\n<\/div>\n<div class=\"wpcf7-response-output\" aria-hidden=\"true\"><\/div><\/form><\/div><\/div>\n\n\n\n<p><\/p>\n","protected":false},"excerpt":{"rendered":"Para fazer o envio do seu curr\u00edculo, basta anexar no campo abaixo em formato PDF, de at\u00e9 2MB de tamanho. Voc\u00ea precisa aceitar os termos de uso para efetuar o envio. Declaro que estou ciente que meu cadastro no Banco de Talentos n\u00e3o me gera nenhuma expectativa ou formaliza\u00e7\u00e3o de v\u00ednculo, e que registro a [...]","protected":false},"author":1,"featured_media":0,"parent":0,"menu_order":0,"comment_status":"closed","ping_status":"closed","template":"trabalhe-conosco.php","meta":{"footnotes":""},"class_list":["post-529","page","type-page","status-publish","hentry"],"_links":{"self":[{"href":"https:\/\/www.gruposcap.com.br\/portal\/wp-json\/wp\/v2\/pages\/529","targetHints":{"allow":["GET"]}}],"collection":[{"href":"https:\/\/www.gruposcap.com.br\/portal\/wp-json\/wp\/v2\/pages"}],"about":[{"href":"https:\/\/www.gruposcap.com.br\/portal\/wp-json\/wp\/v2\/types\/page"}],"author":[{"embeddable":true,"href":"https:\/\/www.gruposcap.com.br\/portal\/wp-json\/wp\/v2\/users\/1"}],"replies":[{"embeddable":true,"href":"https:\/\/www.gruposcap.com.br\/portal\/wp-json\/wp\/v2\/comments?post=529"}],"version-history":[{"count":1,"href":"https:\/\/www.gruposcap.com.br\/portal\/wp-json\/wp\/v2\/pages\/529\/revisions"}],"predecessor-version":[{"id":531,"href":"https:\/\/www.gruposcap.com.br\/portal\/wp-json\/wp\/v2\/pages\/529\/revisions\/531"}],"wp:attachment":[{"href":"https:\/\/www.gruposcap.com.br\/portal\/wp-json\/wp\/v2\/media?parent=529"}],"curies":[{"name":"wp","href":"https:\/\/api.w.org\/{rel}","templated":true}]}}