{"id":1796,"date":"2024-03-28T14:39:51","date_gmt":"2024-03-28T17:39:51","guid":{"rendered":"https:\/\/www.gruposcap.com.br\/portal\/?page_id=1796"},"modified":"2026-04-06T15:49:27","modified_gmt":"2026-04-06T18:49:27","slug":"relatorio-de-transparencia-salarial","status":"publish","type":"page","link":"https:\/\/www.gruposcap.com.br\/portal\/relatorio-de-transparencia-salarial\/","title":{"rendered":"Relat\u00f3rio de Transpar\u00eancia Salarial"},"content":{"rendered":"<p>[vc_row][vc_column][\/vc_column][\/vc_row][vc_row][vc_column][vc_single_image image=&#8221;3586&#8243; img_size=&#8221;full&#8221; onclick=&#8221;img_link_large&#8221;][\/vc_column][\/vc_row][vc_row][vc_column][vc_column_text]<strong>O relat\u00f3rio de nossa empresa, com base na Lei n\u00ba 14.611, de 3 de julho de 2023, retrata fielmente uma situa\u00e7\u00e3o comum na ind\u00fastria da constru\u00e7\u00e3o civil, sendo os colaboradores, predominantemente, do sexo\u00a0masculino.<\/strong>[\/vc_column_text][\/vc_column][\/vc_row]<\/p>\n","protected":false},"excerpt":{"rendered":"<p>[vc_row][vc_column][\/vc_column][\/vc_row][vc_row][vc_column][vc_single_image image=&#8221;3586&#8243; img_size=&#8221;full&#8221; onclick=&#8221;img_link_large&#8221;][\/vc_column][\/vc_row][vc_row][vc_column][vc_column_text]O relat\u00f3rio de nossa empresa, com base na Lei n\u00ba 14.611, de 3 de julho de 2023, retrata fielmente uma situa\u00e7\u00e3o comum na ind\u00fastria da constru\u00e7\u00e3o civil, sendo os colaboradores, predominantemente, do sexo\u00a0masculino.[\/vc_column_text][\/vc_column][\/vc_row]<\/p>\n","protected":false},"author":1,"featured_media":0,"parent":0,"menu_order":0,"comment_status":"closed","ping_status":"closed","template":"","meta":{"footnotes":""},"class_list":["post-1796","page","type-page","status-publish","hentry"],"_links":{"self":[{"href":"https:\/\/www.gruposcap.com.br\/portal\/wp-json\/wp\/v2\/pages\/1796","targetHints":{"allow":["GET"]}}],"collection":[{"href":"https:\/\/www.gruposcap.com.br\/portal\/wp-json\/wp\/v2\/pages"}],"about":[{"href":"https:\/\/www.gruposcap.com.br\/portal\/wp-json\/wp\/v2\/types\/page"}],"author":[{"embeddable":true,"href":"https:\/\/www.gruposcap.com.br\/portal\/wp-json\/wp\/v2\/users\/1"}],"replies":[{"embeddable":true,"href":"https:\/\/www.gruposcap.com.br\/portal\/wp-json\/wp\/v2\/comments?post=1796"}],"version-history":[{"count":12,"href":"https:\/\/www.gruposcap.com.br\/portal\/wp-json\/wp\/v2\/pages\/1796\/revisions"}],"predecessor-version":[{"id":3587,"href":"https:\/\/www.gruposcap.com.br\/portal\/wp-json\/wp\/v2\/pages\/1796\/revisions\/3587"}],"wp:attachment":[{"href":"https:\/\/www.gruposcap.com.br\/portal\/wp-json\/wp\/v2\/media?parent=1796"}],"curies":[{"name":"wp","href":"https:\/\/api.w.org\/{rel}","templated":true}]}}